{"id":2708,"date":"2026-02-04T01:40:30","date_gmt":"2026-02-04T01:40:30","guid":{"rendered":"https:\/\/servicosfiestabahiahotel.com.br\/centro-de-convenciones\/"},"modified":"2026-02-08T19:45:02","modified_gmt":"2026-02-08T19:45:02","slug":"centro-de-convenciones","status":"publish","type":"page","link":"https:\/\/servicosfiestabahiahotel.com.br\/es\/centro-de-convenciones\/","title":{"rendered":"Centro de Convenciones"},"content":{"rendered":"\t\t<div data-elementor-type=\"wp-page\" data-elementor-id=\"2708\" class=\"elementor elementor-2708 elementor-2019\" data-elementor-post-type=\"page\">\n\t\t\t\t<div class=\"elementor-element elementor-element-a618fbc e-flex e-con-boxed elementor-invisible e-con e-parent\" data-id=\"a618fbc\" data-element_type=\"container\" data-e-type=\"container\" data-settings=\"{&quot;background_background&quot;:&quot;slideshow&quot;,&quot;background_slideshow_gallery&quot;:[{&quot;id&quot;:2369,&quot;url&quot;:&quot;https:\\\/\\\/servicosfiestabahiahotel.com.br\\\/wp-content\\\/uploads\\\/2026\\\/02\\\/Salao-Iris-3.jpg&quot;}],&quot;background_slideshow_ken_burns&quot;:&quot;yes&quot;,&quot;animation&quot;:&quot;fadeIn&quot;,&quot;background_slideshow_loop&quot;:&quot;yes&quot;,&quot;background_slideshow_slide_duration&quot;:5000,&quot;background_slideshow_slide_transition&quot;:&quot;fade&quot;,&quot;background_slideshow_transition_duration&quot;:500,&quot;background_slideshow_ken_burns_zoom_direction&quot;:&quot;in&quot;}\">\n\t\t\t\t\t<div class=\"e-con-inner\">\n\t\t<div class=\"elementor-element elementor-element-ba921d3 e-con-full e-flex e-con e-child\" data-id=\"ba921d3\" data-element_type=\"container\" data-e-type=\"container\">\n\t\t\t\t<div class=\"elementor-element elementor-element-d86f8f7 elementor-invisible elementor-widget elementor-widget-heading\" data-id=\"d86f8f7\" data-element_type=\"widget\" data-e-type=\"widget\" data-settings=\"{&quot;_animation&quot;:&quot;fadeInUp&quot;}\" data-widget_type=\"heading.default\">\n\t\t\t\t\t<h1 class=\"elementor-heading-title elementor-size-default\">centro de convenciones<\/h1>\t\t\t\t<\/div>\n\t\t\t\t<\/div>\n\t\t\t\t\t<\/div>\n\t\t\t\t<\/div>\n\t\t<div class=\"elementor-element elementor-element-582c3dd1 e-flex e-con-boxed e-con e-parent\" data-id=\"582c3dd1\" data-element_type=\"container\" data-e-type=\"container\">\n\t\t\t\t\t<div class=\"e-con-inner\">\n\t\t<div class=\"elementor-element elementor-element-7840efa5 e-con-full e-flex e-con e-child\" data-id=\"7840efa5\" data-element_type=\"container\" data-e-type=\"container\">\n\t\t\t\t<div class=\"elementor-element elementor-element-4108bb80 elementor-invisible elementor-widget elementor-widget-image\" data-id=\"4108bb80\" data-element_type=\"widget\" data-e-type=\"widget\" data-settings=\"{&quot;_animation&quot;:&quot;fadeInUp&quot;}\" data-widget_type=\"image.default\">\n\t\t\t\t\t\t\t\t\t\t\t\t\t\t\t<img fetchpriority=\"high\" decoding=\"async\" width=\"1200\" height=\"800\" src=\"https:\/\/servicosfiestabahiahotel.com.br\/wp-content\/uploads\/2026\/02\/fachada.jpg\" class=\"attachment-full size-full wp-image-2370\" alt=\"\" srcset=\"https:\/\/servicosfiestabahiahotel.com.br\/wp-content\/uploads\/2026\/02\/fachada.jpg 1200w, https:\/\/servicosfiestabahiahotel.com.br\/wp-content\/uploads\/2026\/02\/fachada-300x200.jpg 300w, https:\/\/servicosfiestabahiahotel.com.br\/wp-content\/uploads\/2026\/02\/fachada-1024x683.jpg 1024w, https:\/\/servicosfiestabahiahotel.com.br\/wp-content\/uploads\/2026\/02\/fachada-768x512.jpg 768w\" sizes=\"(max-width: 1200px) 100vw, 1200px\" \/>\t\t\t\t\t\t\t\t\t\t\t\t\t\t\t<\/div>\n\t\t\t\t<\/div>\n\t\t<div class=\"elementor-element elementor-element-1a00c7e5 e-con-full e-flex e-con e-child\" data-id=\"1a00c7e5\" data-element_type=\"container\" data-e-type=\"container\">\n\t\t\t\t<div class=\"elementor-element elementor-element-330fc1d1 elementor-invisible elementor-widget elementor-widget-heading\" data-id=\"330fc1d1\" data-element_type=\"widget\" data-e-type=\"widget\" data-settings=\"{&quot;_animation&quot;:&quot;fadeInUp&quot;}\" data-widget_type=\"heading.default\">\n\t\t\t\t\t<h2 class=\"elementor-heading-title elementor-size-default\">Donde su evento deja de ser un proyecto y se convierte en un hito.<\/h2>\t\t\t\t<\/div>\n\t\t\t\t<div class=\"elementor-element elementor-element-1d8be0be elementor-invisible elementor-widget elementor-widget-text-editor\" data-id=\"1d8be0be\" data-element_type=\"widget\" data-e-type=\"widget\" data-settings=\"{&quot;_animation&quot;:&quot;fadeInUp&quot;}\" data-widget_type=\"text-editor.default\">\n\t\t\t\t\t\t\t\t\t<p class=\"s3\">M\u00e1s que un espacio, un <b data-path-to-node=\"3,0\" data-index-in-node=\"24\">universo<\/b> de posibilidades. Son cinco plantas y 27 salones dedicados al arte de recibir, con capacidad para hasta 5.300 personas.<\/p><p class=\"s3\">Aqu\u00ed, la soluci\u00f3n es completa: desde el buffet hasta la tecnolog\u00eda de audio y v\u00eddeo, cuidamos cada detalle por usted. Desde la estructura premiada hasta la versatilidad que encanta, su evento encuentra aqu\u00ed la direcci\u00f3n de la perfecci\u00f3n<span class=\"s4\">.<\/span><\/p>\t\t\t\t\t\t\t\t<\/div>\n\t\t\t\t<div class=\"elementor-element elementor-element-df8e117 elementor-widget elementor-widget-gallery\" data-id=\"df8e117\" data-element_type=\"widget\" data-e-type=\"widget\" data-settings=\"{&quot;lazyload&quot;:&quot;yes&quot;,&quot;gallery_layout&quot;:&quot;grid&quot;,&quot;columns&quot;:4,&quot;columns_tablet&quot;:2,&quot;columns_mobile&quot;:1,&quot;gap&quot;:{&quot;unit&quot;:&quot;px&quot;,&quot;size&quot;:10,&quot;sizes&quot;:[]},&quot;gap_widescreen&quot;:{&quot;unit&quot;:&quot;px&quot;,&quot;size&quot;:&quot;&quot;,&quot;sizes&quot;:[]},&quot;gap_tablet&quot;:{&quot;unit&quot;:&quot;px&quot;,&quot;size&quot;:10,&quot;sizes&quot;:[]},&quot;gap_mobile&quot;:{&quot;unit&quot;:&quot;px&quot;,&quot;size&quot;:10,&quot;sizes&quot;:[]},&quot;link_to&quot;:&quot;file&quot;,&quot;aspect_ratio&quot;:&quot;3:2&quot;,&quot;overlay_background&quot;:&quot;yes&quot;,&quot;content_hover_animation&quot;:&quot;fade-in&quot;}\" data-widget_type=\"gallery.default\">\n\t\t\t\t\t\t\t<div class=\"elementor-gallery__container\">\n\t\t\t\t\t\t\t<a class=\"e-gallery-item elementor-gallery-item elementor-animated-content\" href=\"https:\/\/servicosfiestabahiahotel.com.br\/wp-content\/uploads\/2026\/02\/Fiesta-Convention0705.jpg\" data-elementor-open-lightbox=\"yes\" data-elementor-lightbox-slideshow=\"df8e117\" data-elementor-lightbox-title=\"Fiesta Convention0705\" data-e-action-hash=\"#elementor-action%3Aaction%3Dlightbox%26settings%3DeyJpZCI6MjM3MSwidXJsIjoiaHR0cHM6XC9cL3NlcnZpY29zZmllc3RhYmFoaWFob3RlbC5jb20uYnJcL3dwLWNvbnRlbnRcL3VwbG9hZHNcLzIwMjZcLzAyXC9GaWVzdGEtQ29udmVudGlvbjA3MDUuanBnIiwic2xpZGVzaG93IjoiZGY4ZTExNyJ9\">\n\t\t\t\t\t<div class=\"e-gallery-image elementor-gallery-item__image\" data-thumbnail=\"https:\/\/servicosfiestabahiahotel.com.br\/wp-content\/uploads\/2026\/02\/Fiesta-Convention0705-300x169.jpg\" data-width=\"300\" data-height=\"169\" aria-label=\"\" role=\"img\" ><\/div>\n\t\t\t\t\t\t\t\t\t\t\t<div class=\"elementor-gallery-item__overlay\"><\/div>\n\t\t\t\t\t\t\t\t\t\t\t\t\t\t<\/a>\n\t\t\t\t\t\t\t<a class=\"e-gallery-item elementor-gallery-item elementor-animated-content\" href=\"https:\/\/servicosfiestabahiahotel.com.br\/wp-content\/uploads\/2026\/02\/Sala-Lavanda-2-scaled.jpg\" data-elementor-open-lightbox=\"yes\" data-elementor-lightbox-slideshow=\"df8e117\" data-elementor-lightbox-title=\"Sala Lavanda (2)\" data-e-action-hash=\"#elementor-action%3Aaction%3Dlightbox%26settings%3DeyJpZCI6MjM3MiwidXJsIjoiaHR0cHM6XC9cL3NlcnZpY29zZmllc3RhYmFoaWFob3RlbC5jb20uYnJcL3dwLWNvbnRlbnRcL3VwbG9hZHNcLzIwMjZcLzAyXC9TYWxhLUxhdmFuZGEtMi1zY2FsZWQuanBnIiwic2xpZGVzaG93IjoiZGY4ZTExNyJ9\">\n\t\t\t\t\t<div class=\"e-gallery-image elementor-gallery-item__image\" data-thumbnail=\"https:\/\/servicosfiestabahiahotel.com.br\/wp-content\/uploads\/2026\/02\/Sala-Lavanda-2-300x200.jpg\" data-width=\"300\" data-height=\"200\" aria-label=\"\" role=\"img\" ><\/div>\n\t\t\t\t\t\t\t\t\t\t\t<div class=\"elementor-gallery-item__overlay\"><\/div>\n\t\t\t\t\t\t\t\t\t\t\t\t\t\t<\/a>\n\t\t\t\t\t\t\t<a class=\"e-gallery-item elementor-gallery-item elementor-animated-content\" href=\"https:\/\/servicosfiestabahiahotel.com.br\/wp-content\/uploads\/2026\/02\/Salao-Bougainville-1-scaled.jpg\" data-elementor-open-lightbox=\"yes\" data-elementor-lightbox-slideshow=\"df8e117\" data-elementor-lightbox-title=\"Sal\u00f3n Bougainville (1)\" data-e-action-hash=\"#elementor-action%3Aaction%3Dlightbox%26settings%3DeyJpZCI6MjM3MywidXJsIjoiaHR0cHM6XC9cL3NlcnZpY29zZmllc3RhYmFoaWFob3RlbC5jb20uYnJcL3dwLWNvbnRlbnRcL3VwbG9hZHNcLzIwMjZcLzAyXC9TYWxhby1Cb3VnYWludmlsbGUtMS1zY2FsZWQuanBnIiwic2xpZGVzaG93IjoiZGY4ZTExNyJ9\">\n\t\t\t\t\t<div class=\"e-gallery-image elementor-gallery-item__image\" data-thumbnail=\"https:\/\/servicosfiestabahiahotel.com.br\/wp-content\/uploads\/2026\/02\/Salao-Bougainville-1-300x200.jpg\" data-width=\"300\" data-height=\"200\" aria-label=\"\" role=\"img\" ><\/div>\n\t\t\t\t\t\t\t\t\t\t\t<div class=\"elementor-gallery-item__overlay\"><\/div>\n\t\t\t\t\t\t\t\t\t\t\t\t\t\t<\/a>\n\t\t\t\t\t\t\t<a class=\"e-gallery-item elementor-gallery-item elementor-animated-content\" href=\"https:\/\/servicosfiestabahiahotel.com.br\/wp-content\/uploads\/2026\/02\/Salao-Iris-3-2.jpg\" data-elementor-open-lightbox=\"yes\" data-elementor-lightbox-slideshow=\"df8e117\" data-elementor-lightbox-title=\"Sal\u00f3n Iris (3)\" data-e-action-hash=\"#elementor-action%3Aaction%3Dlightbox%26settings%3DeyJpZCI6MjM3NCwidXJsIjoiaHR0cHM6XC9cL3NlcnZpY29zZmllc3RhYmFoaWFob3RlbC5jb20uYnJcL3dwLWNvbnRlbnRcL3VwbG9hZHNcLzIwMjZcLzAyXC9TYWxhby1JcmlzLTMtMi5qcGciLCJzbGlkZXNob3ciOiJkZjhlMTE3In0%3D\">\n\t\t\t\t\t<div class=\"e-gallery-image elementor-gallery-item__image\" data-thumbnail=\"https:\/\/servicosfiestabahiahotel.com.br\/wp-content\/uploads\/2026\/02\/Salao-Iris-3-2-300x200.jpg\" data-width=\"300\" data-height=\"200\" aria-label=\"\" role=\"img\" ><\/div>\n\t\t\t\t\t\t\t\t\t\t\t<div class=\"elementor-gallery-item__overlay\"><\/div>\n\t\t\t\t\t\t\t\t\t\t\t\t\t\t<\/a>\n\t\t\t\t\t\t\t<a class=\"e-gallery-item elementor-gallery-item elementor-animated-content\" href=\"https:\/\/servicosfiestabahiahotel.com.br\/wp-content\/uploads\/2026\/02\/salao-Orquidia1-scaled.jpg\" data-elementor-open-lightbox=\"yes\" data-elementor-lightbox-slideshow=\"df8e117\" data-elementor-lightbox-title=\"sal\u00f3n Orqu\u00eddea1\" data-e-action-hash=\"#elementor-action%3Aaction%3Dlightbox%26settings%3DeyJpZCI6MjM3NSwidXJsIjoiaHR0cHM6XC9cL3NlcnZpY29zZmllc3RhYmFoaWFob3RlbC5jb20uYnJcL3dwLWNvbnRlbnRcL3VwbG9hZHNcLzIwMjZcLzAyXC9zYWxhby1PcnF1aWRpYTEtc2NhbGVkLmpwZyIsInNsaWRlc2hvdyI6ImRmOGUxMTcifQ%3D%3D\">\n\t\t\t\t\t<div class=\"e-gallery-image elementor-gallery-item__image\" data-thumbnail=\"https:\/\/servicosfiestabahiahotel.com.br\/wp-content\/uploads\/2026\/02\/salao-Orquidia1-300x200.jpg\" data-width=\"300\" data-height=\"200\" aria-label=\"\" role=\"img\" ><\/div>\n\t\t\t\t\t\t\t\t\t\t\t<div class=\"elementor-gallery-item__overlay\"><\/div>\n\t\t\t\t\t\t\t\t\t\t\t\t\t\t<\/a>\n\t\t\t\t\t\t\t<a class=\"e-gallery-item elementor-gallery-item elementor-animated-content\" href=\"https:\/\/servicosfiestabahiahotel.com.br\/wp-content\/uploads\/2026\/02\/Salao_Lotus-5-scaled.jpg\" data-elementor-open-lightbox=\"yes\" data-elementor-lightbox-slideshow=\"df8e117\" data-elementor-lightbox-title=\"Sal\u00f3n_Lotus (5)\" data-e-action-hash=\"#elementor-action%3Aaction%3Dlightbox%26settings%3DeyJpZCI6MjM3NiwidXJsIjoiaHR0cHM6XC9cL3NlcnZpY29zZmllc3RhYmFoaWFob3RlbC5jb20uYnJcL3dwLWNvbnRlbnRcL3VwbG9hZHNcLzIwMjZcLzAyXC9TYWxhb19Mb3R1cy01LXNjYWxlZC5qcGciLCJzbGlkZXNob3ciOiJkZjhlMTE3In0%3D\">\n\t\t\t\t\t<div class=\"e-gallery-image elementor-gallery-item__image\" data-thumbnail=\"https:\/\/servicosfiestabahiahotel.com.br\/wp-content\/uploads\/2026\/02\/Salao_Lotus-5-300x200.jpg\" data-width=\"300\" data-height=\"200\" aria-label=\"\" role=\"img\" ><\/div>\n\t\t\t\t\t\t\t\t\t\t\t<div class=\"elementor-gallery-item__overlay\"><\/div>\n\t\t\t\t\t\t\t\t\t\t\t\t\t\t<\/a>\n\t\t\t\t\t\t\t<a class=\"e-gallery-item elementor-gallery-item elementor-animated-content\" href=\"https:\/\/servicosfiestabahiahotel.com.br\/wp-content\/uploads\/2026\/02\/Salao_vitoria_regia-2-scaled.jpg\" data-elementor-open-lightbox=\"yes\" data-elementor-lightbox-slideshow=\"df8e117\" data-elementor-lightbox-title=\"Sal\u00f3n_vitoria_regia (2)\" data-e-action-hash=\"#elementor-action%3Aaction%3Dlightbox%26settings%3DeyJpZCI6MjM3NywidXJsIjoiaHR0cHM6XC9cL3NlcnZpY29zZmllc3RhYmFoaWFob3RlbC5jb20uYnJcL3dwLWNvbnRlbnRcL3VwbG9hZHNcLzIwMjZcLzAyXC9TYWxhb192aXRvcmlhX3JlZ2lhLTItc2NhbGVkLmpwZyIsInNsaWRlc2hvdyI6ImRmOGUxMTcifQ%3D%3D\">\n\t\t\t\t\t<div class=\"e-gallery-image elementor-gallery-item__image\" data-thumbnail=\"https:\/\/servicosfiestabahiahotel.com.br\/wp-content\/uploads\/2026\/02\/Salao_vitoria_regia-2-300x200.jpg\" data-width=\"300\" data-height=\"200\" aria-label=\"\" role=\"img\" ><\/div>\n\t\t\t\t\t\t\t\t\t\t\t<div class=\"elementor-gallery-item__overlay\"><\/div>\n\t\t\t\t\t\t\t\t\t\t\t\t\t\t<\/a>\n\t\t\t\t\t\t\t<a class=\"e-gallery-item elementor-gallery-item elementor-animated-content\" href=\"https:\/\/servicosfiestabahiahotel.com.br\/wp-content\/uploads\/2026\/02\/Salas-menores-3-scaled.jpg\" data-elementor-open-lightbox=\"yes\" data-elementor-lightbox-slideshow=\"df8e117\" data-elementor-lightbox-title=\"Salas menores (3)\" data-e-action-hash=\"#elementor-action%3Aaction%3Dlightbox%26settings%3DeyJpZCI6MjM3OCwidXJsIjoiaHR0cHM6XC9cL3NlcnZpY29zZmllc3RhYmFoaWFob3RlbC5jb20uYnJcL3dwLWNvbnRlbnRcL3VwbG9hZHNcLzIwMjZcLzAyXC9TYWxhcy1tZW5vcmVzLTMtc2NhbGVkLmpwZyIsInNsaWRlc2hvdyI6ImRmOGUxMTcifQ%3D%3D\">\n\t\t\t\t\t<div class=\"e-gallery-image elementor-gallery-item__image\" data-thumbnail=\"https:\/\/servicosfiestabahiahotel.com.br\/wp-content\/uploads\/2026\/02\/Salas-menores-3-300x200.jpg\" data-width=\"300\" data-height=\"200\" aria-label=\"\" role=\"img\" ><\/div>\n\t\t\t\t\t\t\t\t\t\t\t<div class=\"elementor-gallery-item__overlay\"><\/div>\n\t\t\t\t\t\t\t\t\t\t\t\t\t\t<\/a>\n\t\t\t\t\t\t\t<a class=\"e-gallery-item elementor-gallery-item elementor-animated-content\" href=\"https:\/\/servicosfiestabahiahotel.com.br\/wp-content\/uploads\/2026\/02\/Salas-menores-5-scaled.jpg\" data-elementor-open-lightbox=\"yes\" data-elementor-lightbox-slideshow=\"df8e117\" data-elementor-lightbox-title=\"Salas menores (5)\" data-e-action-hash=\"#elementor-action%3Aaction%3Dlightbox%26settings%3DeyJpZCI6MjM3OSwidXJsIjoiaHR0cHM6XC9cL3NlcnZpY29zZmllc3RhYmFoaWFob3RlbC5jb20uYnJcL3dwLWNvbnRlbnRcL3VwbG9hZHNcLzIwMjZcLzAyXC9TYWxhcy1tZW5vcmVzLTUtc2NhbGVkLmpwZyIsInNsaWRlc2hvdyI6ImRmOGUxMTcifQ%3D%3D\">\n\t\t\t\t\t<div class=\"e-gallery-image elementor-gallery-item__image\" data-thumbnail=\"https:\/\/servicosfiestabahiahotel.com.br\/wp-content\/uploads\/2026\/02\/Salas-menores-5-300x200.jpg\" data-width=\"300\" data-height=\"200\" aria-label=\"\" role=\"img\" ><\/div>\n\t\t\t\t\t\t\t\t\t\t\t<div class=\"elementor-gallery-item__overlay\"><\/div>\n\t\t\t\t\t\t\t\t\t\t\t\t\t\t<\/a>\n\t\t\t\t\t\t\t<a class=\"e-gallery-item elementor-gallery-item elementor-animated-content\" href=\"https:\/\/servicosfiestabahiahotel.com.br\/wp-content\/uploads\/2026\/02\/Salas-menores-11-scaled.jpg\" data-elementor-open-lightbox=\"yes\" data-elementor-lightbox-slideshow=\"df8e117\" data-elementor-lightbox-title=\"Salas menores (11)\" data-e-action-hash=\"#elementor-action%3Aaction%3Dlightbox%26settings%3DeyJpZCI6MjM4MCwidXJsIjoiaHR0cHM6XC9cL3NlcnZpY29zZmllc3RhYmFoaWFob3RlbC5jb20uYnJcL3dwLWNvbnRlbnRcL3VwbG9hZHNcLzIwMjZcLzAyXC9TYWxhcy1tZW5vcmVzLTExLXNjYWxlZC5qcGciLCJzbGlkZXNob3ciOiJkZjhlMTE3In0%3D\">\n\t\t\t\t\t<div class=\"e-gallery-image elementor-gallery-item__image\" data-thumbnail=\"https:\/\/servicosfiestabahiahotel.com.br\/wp-content\/uploads\/2026\/02\/Salas-menores-11-300x200.jpg\" data-width=\"300\" data-height=\"200\" aria-label=\"\" role=\"img\" ><\/div>\n\t\t\t\t\t\t\t\t\t\t\t<div class=\"elementor-gallery-item__overlay\"><\/div>\n\t\t\t\t\t\t\t\t\t\t\t\t\t\t<\/a>\n\t\t\t\t\t<\/div>\n\t\t\t\t\t<\/div>\n\t\t\t\t<\/div>\n\t\t\t\t\t<\/div>\n\t\t\t\t<\/div>\n\t\t<div class=\"elementor-element elementor-element-a7bac4d e-flex e-con-boxed elementor-invisible e-con e-parent\" data-id=\"a7bac4d\" data-element_type=\"container\" data-e-type=\"container\" data-settings=\"{&quot;background_background&quot;:&quot;classic&quot;,&quot;animation&quot;:&quot;fadeIn&quot;}\">\n\t\t\t\t\t<div class=\"e-con-inner\">\n\t\t<div class=\"elementor-element elementor-element-9c1ed81 e-con-full e-flex e-con e-child\" data-id=\"9c1ed81\" data-element_type=\"container\" data-e-type=\"container\">\n\t\t\t\t<div class=\"elementor-element elementor-element-3fdb067 elementor-invisible elementor-widget elementor-widget-heading\" data-id=\"3fdb067\" data-element_type=\"widget\" data-e-type=\"widget\" data-settings=\"{&quot;_animation&quot;:&quot;fadeInUp&quot;}\" data-widget_type=\"heading.default\">\n\t\t\t\t\t<h1 class=\"elementor-heading-title elementor-size-default\">Haga clic aqu\u00ed y <br>solicite su presupuesto<\/h1>\t\t\t\t<\/div>\n\t\t<div class=\"elementor-element elementor-element-2ac5c0f e-con-full e-flex e-con e-child\" data-id=\"2ac5c0f\" data-element_type=\"container\" data-e-type=\"container\">\n\t\t\t\t<div class=\"elementor-element elementor-element-d5c2473 elementor-align-left elementor-widget__width-initial elementor-widget-mobile__width-inherit elementor-mobile-align-left elementor-invisible elementor-widget elementor-widget-button\" data-id=\"d5c2473\" data-element_type=\"widget\" data-e-type=\"widget\" data-settings=\"{&quot;_animation&quot;:&quot;fadeInUp&quot;,&quot;_animation_delay&quot;:&quot;200&quot;}\" data-widget_type=\"button.default\">\n\t\t\t\t\t\t\t\t\t\t<a class=\"elementor-button elementor-button-link elementor-size-sm\" href=\"https:\/\/www.fiestahotel.com.br\/fiesta-convention-center\">\n\t\t\t\t\t\t<span class=\"elementor-button-content-wrapper\">\n\t\t\t\t\t\t\t\t\t<span class=\"elementor-button-text\">cont\u00e1ctenos<\/span>\n\t\t\t\t\t<\/span>\n\t\t\t\t\t<\/a>\n\t\t\t\t\t\t\t\t<\/div>\n\t\t\t\t<\/div>\n\t\t\t\t<\/div>\n\t\t\t\t\t<\/div>\n\t\t\t\t<\/div>\n\t\t\t\t<\/div>\n\t\t","protected":false},"excerpt":{"rendered":"<p>centro de convenciones Donde su evento deja de ser un proyecto y se convierte en un hito. M\u00e1s que un espacio, un universo de posibilidades. Son cinco plantas y 27 salones dedicados al arte de recibir, con capacidad para hasta 5.300 personas. Aqu\u00ed, la soluci\u00f3n es completa: desde el buffet hasta la tecnolog\u00eda de audio [&hellip;]<\/p>\n","protected":false},"author":1,"featured_media":0,"parent":0,"menu_order":0,"comment_status":"closed","ping_status":"closed","template":"","meta":{"footnotes":""},"class_list":["post-2708","page","type-page","status-publish","hentry"],"_hostinger_reach_plugin_has_subscription_block":false,"_hostinger_reach_plugin_is_elementor":false,"_links":{"self":[{"href":"https:\/\/servicosfiestabahiahotel.com.br\/es\/wp-json\/wp\/v2\/pages\/2708","targetHints":{"allow":["GET"]}}],"collection":[{"href":"https:\/\/servicosfiestabahiahotel.com.br\/es\/wp-json\/wp\/v2\/pages"}],"about":[{"href":"https:\/\/servicosfiestabahiahotel.com.br\/es\/wp-json\/wp\/v2\/types\/page"}],"author":[{"embeddable":true,"href":"https:\/\/servicosfiestabahiahotel.com.br\/es\/wp-json\/wp\/v2\/users\/1"}],"replies":[{"embeddable":true,"href":"https:\/\/servicosfiestabahiahotel.com.br\/es\/wp-json\/wp\/v2\/comments?post=2708"}],"version-history":[{"count":1,"href":"https:\/\/servicosfiestabahiahotel.com.br\/es\/wp-json\/wp\/v2\/pages\/2708\/revisions"}],"predecessor-version":[{"id":2709,"href":"https:\/\/servicosfiestabahiahotel.com.br\/es\/wp-json\/wp\/v2\/pages\/2708\/revisions\/2709"}],"wp:attachment":[{"href":"https:\/\/servicosfiestabahiahotel.com.br\/es\/wp-json\/wp\/v2\/media?parent=2708"}],"curies":[{"name":"wp","href":"https:\/\/api.w.org\/{rel}","templated":true}]}}